{"id":279,"date":"2019-04-03T12:23:29","date_gmt":"2019-04-03T12:23:29","guid":{"rendered":"http:\/\/demo.athemes.com\/airi-business2\/?page_id=279"},"modified":"2021-07-13T09:25:45","modified_gmt":"2021-07-13T09:25:45","slug":"accueil","status":"publish","type":"page","link":"https:\/\/rosati.fr\/","title":{"rendered":"Accueil"},"content":{"rendered":"\t\t<div data-elementor-type=\"wp-post\" data-elementor-id=\"279\" class=\"elementor elementor-279\">\n\t\t\t\t\t\t<section class=\"elementor-section elementor-top-section elementor-element elementor-element-ed566f2 elementor-section-boxed elementor-section-height-default elementor-section-height-default\" data-id=\"ed566f2\" data-element_type=\"section\" data-e-type=\"section\">\n\t\t\t\t\t\t<div class=\"elementor-container elementor-column-gap-default\">\n\t\t\t\t\t<div class=\"elementor-column elementor-col-100 elementor-top-column elementor-element elementor-element-fdc4112\" data-id=\"fdc4112\" data-element_type=\"column\" data-e-type=\"column\">\n\t\t\t<div class=\"elementor-widget-wrap elementor-element-populated\">\n\t\t\t\t\t\t<div class=\"elementor-element elementor-element-3e8ec6f elementor-widget elementor-widget-image\" data-id=\"3e8ec6f\" data-element_type=\"widget\" data-e-type=\"widget\" data-widget_type=\"image.default\">\n\t\t\t\t<div class=\"elementor-widget-container\">\n\t\t\t\t\t\t\t\t\t\t\t\t\t\t\t<img fetchpriority=\"high\" decoding=\"async\" width=\"2560\" height=\"1452\" src=\"https:\/\/rosati.fr\/wp-content\/uploads\/2021\/06\/Generale-scaled-e1625039792430.jpg\" class=\"attachment-full size-full wp-image-434\" alt=\"\" srcset=\"https:\/\/rosati.fr\/wp-content\/uploads\/2021\/06\/Generale-scaled-e1625039792430.jpg 2560w, https:\/\/rosati.fr\/wp-content\/uploads\/2021\/06\/Generale-scaled-e1625039792430-300x170.jpg 300w, https:\/\/rosati.fr\/wp-content\/uploads\/2021\/06\/Generale-scaled-e1625039792430-1024x581.jpg 1024w, https:\/\/rosati.fr\/wp-content\/uploads\/2021\/06\/Generale-scaled-e1625039792430-768x436.jpg 768w, https:\/\/rosati.fr\/wp-content\/uploads\/2021\/06\/Generale-scaled-e1625039792430-1536x871.jpg 1536w, https:\/\/rosati.fr\/wp-content\/uploads\/2021\/06\/Generale-scaled-e1625039792430-2048x1162.jpg 2048w, https:\/\/rosati.fr\/wp-content\/uploads\/2021\/06\/Generale-scaled-e1625039792430-720x408.jpg 720w\" sizes=\"(max-width: 2560px) 100vw, 2560px\" \/>\t\t\t\t\t\t\t\t\t\t\t\t\t\t\t<\/div>\n\t\t\t\t<\/div>\n\t\t\t\t<div class=\"elementor-element elementor-element-5aad669 elementor-widget elementor-widget-heading\" data-id=\"5aad669\" data-element_type=\"widget\" data-e-type=\"widget\" data-widget_type=\"heading.default\">\n\t\t\t\t<div class=\"elementor-widget-container\">\n\t\t\t\t\t<h2 class=\"elementor-heading-title elementor-size-default\">Bienvenue<\/h2>\t\t\t\t<\/div>\n\t\t\t\t<\/div>\n\t\t\t\t\t<\/div>\n\t\t<\/div>\n\t\t\t\t\t<\/div>\n\t\t<\/section>\n\t\t\t\t<section class=\"elementor-section elementor-top-section elementor-element elementor-element-6515660 elementor-section-boxed elementor-section-height-default elementor-section-height-default\" data-id=\"6515660\" data-element_type=\"section\" data-e-type=\"section\">\n\t\t\t\t\t\t<div class=\"elementor-container elementor-column-gap-default\">\n\t\t\t\t\t<div class=\"elementor-column elementor-col-100 elementor-top-column elementor-element elementor-element-4a5067d\" data-id=\"4a5067d\" data-element_type=\"column\" data-e-type=\"column\">\n\t\t\t<div class=\"elementor-widget-wrap elementor-element-populated\">\n\t\t\t\t\t\t<div class=\"elementor-element elementor-element-8fbb694 elementor-widget elementor-widget-text-editor\" data-id=\"8fbb694\" data-element_type=\"widget\" data-e-type=\"widget\" data-widget_type=\"text-editor.default\">\n\t\t\t\t<div class=\"elementor-widget-container\">\n\t\t\t\t\t\t\t\t\t<div style=\"text-align: center;\">Christophe Rosati et son \u00e9quipe accompagnent les particuliers et les professionnels dans l\u2019am\u00e9nagement et la r\u00e9novation de bureaux et d\u2019habitations.<\/div><div style=\"text-align: center;\"><div>\u00a0<\/div><div style=\"text-align: center;\">Bas\u00e9s \u00e0 Talant, pr\u00e8s de Dijon, nous nous d\u00e9pla\u00e7ons dans l\u2019ensemble de la r\u00e9gion Bourgogne Franche-Comt\u00e9.<\/div><div style=\"text-align: center;\">Nous vous proposons tous travaux de pl\u00e2trerie-peinture, sols et plafonds ainsi que la pause de cloisons et l\u2019isolation int\u00e9rieure de vos biens.<\/div><\/div>\t\t\t\t\t\t\t\t<\/div>\n\t\t\t\t<\/div>\n\t\t\t\t\t<\/div>\n\t\t<\/div>\n\t\t\t\t\t<\/div>\n\t\t<\/section>\n\t\t\t\t<section class=\"elementor-section elementor-top-section elementor-element elementor-element-5e89a9a elementor-section-boxed elementor-section-height-default elementor-section-height-default\" data-id=\"5e89a9a\" data-element_type=\"section\" data-e-type=\"section\">\n\t\t\t\t\t\t<div class=\"elementor-container elementor-column-gap-default\">\n\t\t\t\t\t<div class=\"elementor-column elementor-col-100 elementor-top-column elementor-element elementor-element-9e5b886\" data-id=\"9e5b886\" data-element_type=\"column\" data-e-type=\"column\">\n\t\t\t<div class=\"elementor-widget-wrap elementor-element-populated\">\n\t\t\t\t\t\t<div class=\"elementor-element elementor-element-bdc49ef elementor-widget elementor-widget-heading\" data-id=\"bdc49ef\" data-element_type=\"widget\" data-e-type=\"widget\" data-widget_type=\"heading.default\">\n\t\t\t\t<div class=\"elementor-widget-container\">\n\t\t\t\t\t<h2 class=\"elementor-heading-title elementor-size-xl\">Nos travaux<\/h2>\t\t\t\t<\/div>\n\t\t\t\t<\/div>\n\t\t\t\t\t<\/div>\n\t\t<\/div>\n\t\t\t\t\t<\/div>\n\t\t<\/section>\n\t\t\t\t<section class=\"elementor-section elementor-top-section elementor-element elementor-element-7f0aa47 elementor-section-boxed elementor-section-height-default elementor-section-height-default\" data-id=\"7f0aa47\" data-element_type=\"section\" data-e-type=\"section\">\n\t\t\t\t\t\t<div class=\"elementor-container elementor-column-gap-default\">\n\t\t\t\t\t<div class=\"elementor-column elementor-col-25 elementor-top-column elementor-element elementor-element-e95ba8f\" data-id=\"e95ba8f\" data-element_type=\"column\" data-e-type=\"column\">\n\t\t\t<div class=\"elementor-widget-wrap elementor-element-populated\">\n\t\t\t\t\t\t<div class=\"elementor-element elementor-element-6e39f20 elementor-widget elementor-widget-image\" data-id=\"6e39f20\" data-element_type=\"widget\" data-e-type=\"widget\" data-widget_type=\"image.default\">\n\t\t\t\t<div class=\"elementor-widget-container\">\n\t\t\t\t\t\t\t\t\t\t\t\t<figure class=\"wp-caption\">\n\t\t\t\t\t\t\t\t\t\t\t<a href=\"https:\/\/rosati.fr\/murs-2\">\n\t\t\t\t\t\t\t<img decoding=\"async\" width=\"1024\" height=\"666\" src=\"https:\/\/rosati.fr\/wp-content\/uploads\/2021\/06\/Peinture-1-1024x666.png\" class=\"attachment-large size-large wp-image-435\" alt=\"\" srcset=\"https:\/\/rosati.fr\/wp-content\/uploads\/2021\/06\/Peinture-1-1024x666.png 1024w, https:\/\/rosati.fr\/wp-content\/uploads\/2021\/06\/Peinture-1-300x195.png 300w, https:\/\/rosati.fr\/wp-content\/uploads\/2021\/06\/Peinture-1-768x499.png 768w, https:\/\/rosati.fr\/wp-content\/uploads\/2021\/06\/Peinture-1-720x468.png 720w, https:\/\/rosati.fr\/wp-content\/uploads\/2021\/06\/Peinture-1.png 1180w\" sizes=\"(max-width: 1024px) 100vw, 1024px\" \/>\t\t\t\t\t\t\t\t<\/a>\n\t\t\t\t\t\t\t\t\t\t\t<figcaption class=\"widget-image-caption wp-caption-text\">Murs<\/figcaption>\n\t\t\t\t\t\t\t\t\t\t<\/figure>\n\t\t\t\t\t\t\t\t\t<\/div>\n\t\t\t\t<\/div>\n\t\t\t\t\t<\/div>\n\t\t<\/div>\n\t\t\t\t<div class=\"elementor-column elementor-col-25 elementor-top-column elementor-element elementor-element-eddb9af\" data-id=\"eddb9af\" data-element_type=\"column\" data-e-type=\"column\">\n\t\t\t<div class=\"elementor-widget-wrap elementor-element-populated\">\n\t\t\t\t\t\t<div class=\"elementor-element elementor-element-8348670 elementor-widget elementor-widget-image\" data-id=\"8348670\" data-element_type=\"widget\" data-e-type=\"widget\" data-widget_type=\"image.default\">\n\t\t\t\t<div class=\"elementor-widget-container\">\n\t\t\t\t\t\t\t\t\t\t\t\t<figure class=\"wp-caption\">\n\t\t\t\t\t\t\t\t\t\t\t<a href=\"https:\/\/rosati.fr\/plafonds\">\n\t\t\t\t\t\t\t<img decoding=\"async\" width=\"566\" height=\"369\" src=\"https:\/\/rosati.fr\/wp-content\/uploads\/2021\/06\/Faux-plafond.jpg\" class=\"attachment-large size-large wp-image-437\" alt=\"\" srcset=\"https:\/\/rosati.fr\/wp-content\/uploads\/2021\/06\/Faux-plafond.jpg 566w, https:\/\/rosati.fr\/wp-content\/uploads\/2021\/06\/Faux-plafond-300x196.jpg 300w\" sizes=\"(max-width: 566px) 100vw, 566px\" \/>\t\t\t\t\t\t\t\t<\/a>\n\t\t\t\t\t\t\t\t\t\t\t<figcaption class=\"widget-image-caption wp-caption-text\">Plafonds<\/figcaption>\n\t\t\t\t\t\t\t\t\t\t<\/figure>\n\t\t\t\t\t\t\t\t\t<\/div>\n\t\t\t\t<\/div>\n\t\t\t\t\t<\/div>\n\t\t<\/div>\n\t\t\t\t<div class=\"elementor-column elementor-col-25 elementor-top-column elementor-element elementor-element-6bd82ad\" data-id=\"6bd82ad\" data-element_type=\"column\" data-e-type=\"column\">\n\t\t\t<div class=\"elementor-widget-wrap elementor-element-populated\">\n\t\t\t\t\t\t<div class=\"elementor-element elementor-element-7b805f8 elementor-widget elementor-widget-image\" data-id=\"7b805f8\" data-element_type=\"widget\" data-e-type=\"widget\" data-widget_type=\"image.default\">\n\t\t\t\t<div class=\"elementor-widget-container\">\n\t\t\t\t\t\t\t\t\t\t\t\t<figure class=\"wp-caption\">\n\t\t\t\t\t\t\t\t\t\t\t<a href=\"https:\/\/rosati.fr\/sols\">\n\t\t\t\t\t\t\t<img loading=\"lazy\" decoding=\"async\" width=\"1024\" height=\"666\" src=\"https:\/\/rosati.fr\/wp-content\/uploads\/2021\/06\/Bois-1-1024x666.png\" class=\"attachment-large size-large wp-image-438\" alt=\"\" srcset=\"https:\/\/rosati.fr\/wp-content\/uploads\/2021\/06\/Bois-1-1024x666.png 1024w, https:\/\/rosati.fr\/wp-content\/uploads\/2021\/06\/Bois-1-300x195.png 300w, https:\/\/rosati.fr\/wp-content\/uploads\/2021\/06\/Bois-1-768x499.png 768w, https:\/\/rosati.fr\/wp-content\/uploads\/2021\/06\/Bois-1-720x468.png 720w, https:\/\/rosati.fr\/wp-content\/uploads\/2021\/06\/Bois-1.png 1180w\" sizes=\"(max-width: 1024px) 100vw, 1024px\" \/>\t\t\t\t\t\t\t\t<\/a>\n\t\t\t\t\t\t\t\t\t\t\t<figcaption class=\"widget-image-caption wp-caption-text\">Sols<\/figcaption>\n\t\t\t\t\t\t\t\t\t\t<\/figure>\n\t\t\t\t\t\t\t\t\t<\/div>\n\t\t\t\t<\/div>\n\t\t\t\t\t<\/div>\n\t\t<\/div>\n\t\t\t\t<div class=\"elementor-column elementor-col-25 elementor-top-column elementor-element elementor-element-06267d0\" data-id=\"06267d0\" data-element_type=\"column\" data-e-type=\"column\">\n\t\t\t<div class=\"elementor-widget-wrap elementor-element-populated\">\n\t\t\t\t\t\t<div class=\"elementor-element elementor-element-6dcea6d elementor-widget elementor-widget-image\" data-id=\"6dcea6d\" data-element_type=\"widget\" data-e-type=\"widget\" data-widget_type=\"image.default\">\n\t\t\t\t<div class=\"elementor-widget-container\">\n\t\t\t\t\t\t\t\t\t\t\t\t<figure class=\"wp-caption\">\n\t\t\t\t\t\t\t\t\t\t\t<a href=\"https:\/\/rosati.fr\/professionnels\">\n\t\t\t\t\t\t\t<img loading=\"lazy\" decoding=\"async\" width=\"566\" height=\"369\" src=\"https:\/\/rosati.fr\/wp-content\/uploads\/2021\/06\/Pros.jpg\" class=\"attachment-large size-large wp-image-439\" alt=\"\" srcset=\"https:\/\/rosati.fr\/wp-content\/uploads\/2021\/06\/Pros.jpg 566w, https:\/\/rosati.fr\/wp-content\/uploads\/2021\/06\/Pros-300x196.jpg 300w\" sizes=\"(max-width: 566px) 100vw, 566px\" \/>\t\t\t\t\t\t\t\t<\/a>\n\t\t\t\t\t\t\t\t\t\t\t<figcaption class=\"widget-image-caption wp-caption-text\">Professionnels<\/figcaption>\n\t\t\t\t\t\t\t\t\t\t<\/figure>\n\t\t\t\t\t\t\t\t\t<\/div>\n\t\t\t\t<\/div>\n\t\t\t\t\t<\/div>\n\t\t<\/div>\n\t\t\t\t\t<\/div>\n\t\t<\/section>\n\t\t\t\t<section class=\"elementor-section elementor-top-section elementor-element elementor-element-5b5375a elementor-section-boxed elementor-section-height-default elementor-section-height-default\" data-id=\"5b5375a\" data-element_type=\"section\" data-e-type=\"section\">\n\t\t\t\t\t\t<div class=\"elementor-container elementor-column-gap-default\">\n\t\t\t\t\t\t<\/div>\n\t\t<\/section>\n\t\t\t\t<section class=\"elementor-section elementor-top-section elementor-element elementor-element-c369593 elementor-section-boxed elementor-section-height-default elementor-section-height-default\" data-id=\"c369593\" data-element_type=\"section\" data-e-type=\"section\">\n\t\t\t\t\t\t<div class=\"elementor-container elementor-column-gap-default\">\n\t\t\t\t\t<div class=\"elementor-column elementor-col-100 elementor-top-column elementor-element elementor-element-ca30da1\" data-id=\"ca30da1\" data-element_type=\"column\" data-e-type=\"column\">\n\t\t\t<div class=\"elementor-widget-wrap\">\n\t\t\t\t\t\t\t<\/div>\n\t\t<\/div>\n\t\t\t\t\t<\/div>\n\t\t<\/section>\n\t\t\t\t<\/div>\n\t\t","protected":false},"excerpt":{"rendered":"<p>Bienvenue Christophe Rosati et son \u00e9quipe accompagnent les particuliers et les professionnels dans l\u2019am\u00e9nagement et la r\u00e9novation de bureaux et [&hellip;]<\/p>\n","protected":false},"author":1,"featured_media":0,"parent":0,"menu_order":0,"comment_status":"closed","ping_status":"closed","template":"page-templates\/template_page-builder.php","meta":{"footnotes":""},"class_list":["post-279","page","type-page","status-publish","hentry"],"yoast_head":"<!-- This site is optimized with the Yoast SEO plugin v27.3 - https:\/\/yoast.com\/product\/yoast-seo-wordpress\/ -->\n<title>SARL Rosati - Pl\u00e2trerie et peinture en Bourgogne depuis 2001<\/title>\n<meta name=\"description\" content=\"Depuis 20 ans, nous r\u00e9alisons tous vos travaux de r\u00e9novation int\u00e9rieure selon vos besoins en pl\u00e2trerie, pose de cloisons, isolation, peinture d\u00e9corative et rev\u00eatements de sols plastiques ou parquets.\" \/>\n<meta name=\"robots\" content=\"index, follow, max-snippet:-1, max-image-preview:large, max-video-preview:-1\" \/>\n<link rel=\"canonical\" href=\"https:\/\/rosati.fr\/\" \/>\n<meta property=\"og:locale\" content=\"fr_FR\" \/>\n<meta property=\"og:type\" content=\"article\" \/>\n<meta property=\"og:title\" content=\"SARL Rosati - Pl\u00e2trerie et peinture en Bourgogne depuis 2001\" \/>\n<meta property=\"og:description\" content=\"Depuis 20 ans, nous r\u00e9alisons tous vos travaux de r\u00e9novation int\u00e9rieure selon vos besoins en pl\u00e2trerie, pose de cloisons, isolation, peinture d\u00e9corative et rev\u00eatements de sols plastiques ou parquets.\" \/>\n<meta property=\"og:url\" content=\"https:\/\/rosati.fr\/\" \/>\n<meta property=\"og:site_name\" content=\"SARL Rosati\" \/>\n<meta property=\"article:modified_time\" content=\"2021-07-13T09:25:45+00:00\" \/>\n<meta property=\"og:image\" content=\"https:\/\/rosati.fr\/wp-content\/uploads\/2021\/06\/Generale-scaled-e1625039792430.jpg\" \/>\n<meta name=\"twitter:card\" content=\"summary_large_image\" \/>\n<meta name=\"twitter:label1\" content=\"Dur\u00e9e de lecture estim\u00e9e\" \/>\n\t<meta name=\"twitter:data1\" content=\"2 minutes\" \/>\n<script type=\"application\/ld+json\" class=\"yoast-schema-graph\">{\"@context\":\"https:\\\/\\\/schema.org\",\"@graph\":[{\"@type\":\"WebPage\",\"@id\":\"https:\\\/\\\/rosati.fr\\\/\",\"url\":\"https:\\\/\\\/rosati.fr\\\/\",\"name\":\"SARL Rosati - Pl\u00e2trerie et peinture en Bourgogne depuis 2001\",\"isPartOf\":{\"@id\":\"https:\\\/\\\/rosati.fr\\\/#website\"},\"primaryImageOfPage\":{\"@id\":\"https:\\\/\\\/rosati.fr\\\/#primaryimage\"},\"image\":{\"@id\":\"https:\\\/\\\/rosati.fr\\\/#primaryimage\"},\"thumbnailUrl\":\"https:\\\/\\\/rosati.fr\\\/wp-content\\\/uploads\\\/2021\\\/06\\\/Generale-scaled-e1625039792430.jpg\",\"datePublished\":\"2019-04-03T12:23:29+00:00\",\"dateModified\":\"2021-07-13T09:25:45+00:00\",\"description\":\"Depuis 20 ans, nous r\u00e9alisons tous vos travaux de r\u00e9novation int\u00e9rieure selon vos besoins en pl\u00e2trerie, pose de cloisons, isolation, peinture d\u00e9corative et rev\u00eatements de sols plastiques ou parquets.\",\"breadcrumb\":{\"@id\":\"https:\\\/\\\/rosati.fr\\\/#breadcrumb\"},\"inLanguage\":\"fr-FR\",\"potentialAction\":[{\"@type\":\"ReadAction\",\"target\":[\"https:\\\/\\\/rosati.fr\\\/\"]}]},{\"@type\":\"ImageObject\",\"inLanguage\":\"fr-FR\",\"@id\":\"https:\\\/\\\/rosati.fr\\\/#primaryimage\",\"url\":\"https:\\\/\\\/rosati.fr\\\/wp-content\\\/uploads\\\/2021\\\/06\\\/Generale-scaled-e1625039792430.jpg\",\"contentUrl\":\"https:\\\/\\\/rosati.fr\\\/wp-content\\\/uploads\\\/2021\\\/06\\\/Generale-scaled-e1625039792430.jpg\",\"width\":2560,\"height\":1452},{\"@type\":\"BreadcrumbList\",\"@id\":\"https:\\\/\\\/rosati.fr\\\/#breadcrumb\",\"itemListElement\":[{\"@type\":\"ListItem\",\"position\":1,\"name\":\"Accueil\",\"item\":\"https:\\\/\\\/rosati.fr\\\/\"},{\"@type\":\"ListItem\",\"position\":2,\"name\":\"Accueil\"}]},{\"@type\":\"WebSite\",\"@id\":\"https:\\\/\\\/rosati.fr\\\/#website\",\"url\":\"https:\\\/\\\/rosati.fr\\\/\",\"name\":\"SARL Rosati\",\"description\":\"\",\"publisher\":{\"@id\":\"https:\\\/\\\/rosati.fr\\\/#organization\"},\"potentialAction\":[{\"@type\":\"SearchAction\",\"target\":{\"@type\":\"EntryPoint\",\"urlTemplate\":\"https:\\\/\\\/rosati.fr\\\/?s={search_term_string}\"},\"query-input\":{\"@type\":\"PropertyValueSpecification\",\"valueRequired\":true,\"valueName\":\"search_term_string\"}}],\"inLanguage\":\"fr-FR\"},{\"@type\":\"Organization\",\"@id\":\"https:\\\/\\\/rosati.fr\\\/#organization\",\"name\":\"SARL Rosati\",\"url\":\"https:\\\/\\\/rosati.fr\\\/\",\"logo\":{\"@type\":\"ImageObject\",\"inLanguage\":\"fr-FR\",\"@id\":\"https:\\\/\\\/rosati.fr\\\/#\\\/schema\\\/logo\\\/image\\\/\",\"url\":\"http:\\\/\\\/rosati.fr\\\/wp-content\\\/uploads\\\/2021\\\/06\\\/Logo-1.png\",\"contentUrl\":\"http:\\\/\\\/rosati.fr\\\/wp-content\\\/uploads\\\/2021\\\/06\\\/Logo-1.png\",\"width\":369,\"height\":111,\"caption\":\"SARL Rosati\"},\"image\":{\"@id\":\"https:\\\/\\\/rosati.fr\\\/#\\\/schema\\\/logo\\\/image\\\/\"}}]}<\/script>\n<!-- \/ Yoast SEO plugin. -->","yoast_head_json":{"title":"SARL Rosati - Pl\u00e2trerie et peinture en Bourgogne depuis 2001","description":"Depuis 20 ans, nous r\u00e9alisons tous vos travaux de r\u00e9novation int\u00e9rieure selon vos besoins en pl\u00e2trerie, pose de cloisons, isolation, peinture d\u00e9corative et rev\u00eatements de sols plastiques ou parquets.","robots":{"index":"index","follow":"follow","max-snippet":"max-snippet:-1","max-image-preview":"max-image-preview:large","max-video-preview":"max-video-preview:-1"},"canonical":"https:\/\/rosati.fr\/","og_locale":"fr_FR","og_type":"article","og_title":"SARL Rosati - Pl\u00e2trerie et peinture en Bourgogne depuis 2001","og_description":"Depuis 20 ans, nous r\u00e9alisons tous vos travaux de r\u00e9novation int\u00e9rieure selon vos besoins en pl\u00e2trerie, pose de cloisons, isolation, peinture d\u00e9corative et rev\u00eatements de sols plastiques ou parquets.","og_url":"https:\/\/rosati.fr\/","og_site_name":"SARL Rosati","article_modified_time":"2021-07-13T09:25:45+00:00","og_image":[{"url":"https:\/\/rosati.fr\/wp-content\/uploads\/2021\/06\/Generale-scaled-e1625039792430.jpg","type":"","width":"","height":""}],"twitter_card":"summary_large_image","twitter_misc":{"Dur\u00e9e de lecture estim\u00e9e":"2 minutes"},"schema":{"@context":"https:\/\/schema.org","@graph":[{"@type":"WebPage","@id":"https:\/\/rosati.fr\/","url":"https:\/\/rosati.fr\/","name":"SARL Rosati - Pl\u00e2trerie et peinture en Bourgogne depuis 2001","isPartOf":{"@id":"https:\/\/rosati.fr\/#website"},"primaryImageOfPage":{"@id":"https:\/\/rosati.fr\/#primaryimage"},"image":{"@id":"https:\/\/rosati.fr\/#primaryimage"},"thumbnailUrl":"https:\/\/rosati.fr\/wp-content\/uploads\/2021\/06\/Generale-scaled-e1625039792430.jpg","datePublished":"2019-04-03T12:23:29+00:00","dateModified":"2021-07-13T09:25:45+00:00","description":"Depuis 20 ans, nous r\u00e9alisons tous vos travaux de r\u00e9novation int\u00e9rieure selon vos besoins en pl\u00e2trerie, pose de cloisons, isolation, peinture d\u00e9corative et rev\u00eatements de sols plastiques ou parquets.","breadcrumb":{"@id":"https:\/\/rosati.fr\/#breadcrumb"},"inLanguage":"fr-FR","potentialAction":[{"@type":"ReadAction","target":["https:\/\/rosati.fr\/"]}]},{"@type":"ImageObject","inLanguage":"fr-FR","@id":"https:\/\/rosati.fr\/#primaryimage","url":"https:\/\/rosati.fr\/wp-content\/uploads\/2021\/06\/Generale-scaled-e1625039792430.jpg","contentUrl":"https:\/\/rosati.fr\/wp-content\/uploads\/2021\/06\/Generale-scaled-e1625039792430.jpg","width":2560,"height":1452},{"@type":"BreadcrumbList","@id":"https:\/\/rosati.fr\/#breadcrumb","itemListElement":[{"@type":"ListItem","position":1,"name":"Accueil","item":"https:\/\/rosati.fr\/"},{"@type":"ListItem","position":2,"name":"Accueil"}]},{"@type":"WebSite","@id":"https:\/\/rosati.fr\/#website","url":"https:\/\/rosati.fr\/","name":"SARL Rosati","description":"","publisher":{"@id":"https:\/\/rosati.fr\/#organization"},"potentialAction":[{"@type":"SearchAction","target":{"@type":"EntryPoint","urlTemplate":"https:\/\/rosati.fr\/?s={search_term_string}"},"query-input":{"@type":"PropertyValueSpecification","valueRequired":true,"valueName":"search_term_string"}}],"inLanguage":"fr-FR"},{"@type":"Organization","@id":"https:\/\/rosati.fr\/#organization","name":"SARL Rosati","url":"https:\/\/rosati.fr\/","logo":{"@type":"ImageObject","inLanguage":"fr-FR","@id":"https:\/\/rosati.fr\/#\/schema\/logo\/image\/","url":"http:\/\/rosati.fr\/wp-content\/uploads\/2021\/06\/Logo-1.png","contentUrl":"http:\/\/rosati.fr\/wp-content\/uploads\/2021\/06\/Logo-1.png","width":369,"height":111,"caption":"SARL Rosati"},"image":{"@id":"https:\/\/rosati.fr\/#\/schema\/logo\/image\/"}}]}},"_links":{"self":[{"href":"https:\/\/rosati.fr\/index.php?rest_route=\/wp\/v2\/pages\/279","targetHints":{"allow":["GET"]}}],"collection":[{"href":"https:\/\/rosati.fr\/index.php?rest_route=\/wp\/v2\/pages"}],"about":[{"href":"https:\/\/rosati.fr\/index.php?rest_route=\/wp\/v2\/types\/page"}],"author":[{"embeddable":true,"href":"https:\/\/rosati.fr\/index.php?rest_route=\/wp\/v2\/users\/1"}],"replies":[{"embeddable":true,"href":"https:\/\/rosati.fr\/index.php?rest_route=%2Fwp%2Fv2%2Fcomments&post=279"}],"version-history":[{"count":79,"href":"https:\/\/rosati.fr\/index.php?rest_route=\/wp\/v2\/pages\/279\/revisions"}],"predecessor-version":[{"id":813,"href":"https:\/\/rosati.fr\/index.php?rest_route=\/wp\/v2\/pages\/279\/revisions\/813"}],"wp:attachment":[{"href":"https:\/\/rosati.fr\/index.php?rest_route=%2Fwp%2Fv2%2Fmedia&parent=279"}],"curies":[{"name":"wp","href":"https:\/\/api.w.org\/{rel}","templated":true}]}}