{"id":520,"date":"2021-06-30T09:05:11","date_gmt":"2021-06-30T09:05:11","guid":{"rendered":"http:\/\/rosati.fr\/?page_id=520"},"modified":"2021-07-19T07:51:53","modified_gmt":"2021-07-19T07:51:53","slug":"sols","status":"publish","type":"page","link":"https:\/\/rosati.fr\/?page_id=520","title":{"rendered":"Sols"},"content":{"rendered":"\t\t<div data-elementor-type=\"wp-page\" data-elementor-id=\"520\" class=\"elementor elementor-520\">\n\t\t\t\t\t\t<section class=\"elementor-section elementor-top-section elementor-element elementor-element-d1ffa8c elementor-section-boxed elementor-section-height-default elementor-section-height-default\" data-id=\"d1ffa8c\" data-element_type=\"section\" data-e-type=\"section\">\n\t\t\t\t\t\t<div class=\"elementor-container elementor-column-gap-default\">\n\t\t\t\t\t<div class=\"elementor-column elementor-col-100 elementor-top-column elementor-element elementor-element-d2d7237\" data-id=\"d2d7237\" data-element_type=\"column\" data-e-type=\"column\">\n\t\t\t<div class=\"elementor-widget-wrap elementor-element-populated\">\n\t\t\t\t\t\t<div class=\"elementor-element elementor-element-7e0220f elementor-widget elementor-widget-image\" data-id=\"7e0220f\" data-element_type=\"widget\" data-e-type=\"widget\" data-widget_type=\"image.default\">\n\t\t\t\t<div class=\"elementor-widget-container\">\n\t\t\t\t\t\t\t\t\t\t\t\t\t\t\t<img fetchpriority=\"high\" decoding=\"async\" width=\"1024\" height=\"662\" src=\"https:\/\/rosati.fr\/wp-content\/uploads\/2021\/06\/Sol-1024x662.jpg\" class=\"attachment-large size-large wp-image-522\" alt=\"\" srcset=\"https:\/\/rosati.fr\/wp-content\/uploads\/2021\/06\/Sol-1024x662.jpg 1024w, https:\/\/rosati.fr\/wp-content\/uploads\/2021\/06\/Sol-300x194.jpg 300w, https:\/\/rosati.fr\/wp-content\/uploads\/2021\/06\/Sol-768x497.jpg 768w, https:\/\/rosati.fr\/wp-content\/uploads\/2021\/06\/Sol-1536x994.jpg 1536w, https:\/\/rosati.fr\/wp-content\/uploads\/2021\/06\/Sol-2048x1325.jpg 2048w, https:\/\/rosati.fr\/wp-content\/uploads\/2021\/06\/Sol-720x466.jpg 720w\" sizes=\"(max-width: 1024px) 100vw, 1024px\" \/>\t\t\t\t\t\t\t\t\t\t\t\t\t\t\t<\/div>\n\t\t\t\t<\/div>\n\t\t\t\t\t<\/div>\n\t\t<\/div>\n\t\t\t\t\t<\/div>\n\t\t<\/section>\n\t\t\t\t<section class=\"elementor-section elementor-top-section elementor-element elementor-element-2adac10 elementor-section-boxed elementor-section-height-default elementor-section-height-default\" data-id=\"2adac10\" data-element_type=\"section\" data-e-type=\"section\">\n\t\t\t\t\t\t<div class=\"elementor-container elementor-column-gap-default\">\n\t\t\t\t\t<div class=\"elementor-column elementor-col-100 elementor-top-column elementor-element elementor-element-9469098\" data-id=\"9469098\" data-element_type=\"column\" data-e-type=\"column\">\n\t\t\t<div class=\"elementor-widget-wrap elementor-element-populated\">\n\t\t\t\t\t\t<div class=\"elementor-element elementor-element-9a5b9c4 elementor-widget elementor-widget-heading\" data-id=\"9a5b9c4\" data-element_type=\"widget\" data-e-type=\"widget\" data-widget_type=\"heading.default\">\n\t\t\t\t<div class=\"elementor-widget-container\">\n\t\t\t\t\t<h2 class=\"elementor-heading-title elementor-size-xl\">Sols<\/h2>\t\t\t\t<\/div>\n\t\t\t\t<\/div>\n\t\t\t\t\t<\/div>\n\t\t<\/div>\n\t\t\t\t\t<\/div>\n\t\t<\/section>\n\t\t\t\t<section class=\"elementor-section elementor-top-section elementor-element elementor-element-885b950 elementor-section-boxed elementor-section-height-default elementor-section-height-default\" data-id=\"885b950\" data-element_type=\"section\" data-e-type=\"section\">\n\t\t\t\t\t\t<div class=\"elementor-container elementor-column-gap-default\">\n\t\t\t\t\t<div class=\"elementor-column elementor-col-25 elementor-top-column elementor-element elementor-element-b23f274\" data-id=\"b23f274\" data-element_type=\"column\" data-e-type=\"column\">\n\t\t\t<div class=\"elementor-widget-wrap elementor-element-populated\">\n\t\t\t\t\t\t<div class=\"elementor-element elementor-element-dbb1c15 elementor-widget elementor-widget-image\" data-id=\"dbb1c15\" data-element_type=\"widget\" data-e-type=\"widget\" data-widget_type=\"image.default\">\n\t\t\t\t<div class=\"elementor-widget-container\">\n\t\t\t\t\t\t\t\t\t\t\t\t<figure class=\"wp-caption\">\n\t\t\t\t\t\t\t\t\t\t<img decoding=\"async\" width=\"1024\" height=\"666\" src=\"https:\/\/rosati.fr\/wp-content\/uploads\/2021\/06\/Bois-1-1024x666.png\" class=\"attachment-large size-large wp-image-438\" alt=\"\" srcset=\"https:\/\/rosati.fr\/wp-content\/uploads\/2021\/06\/Bois-1-1024x666.png 1024w, https:\/\/rosati.fr\/wp-content\/uploads\/2021\/06\/Bois-1-300x195.png 300w, https:\/\/rosati.fr\/wp-content\/uploads\/2021\/06\/Bois-1-768x499.png 768w, https:\/\/rosati.fr\/wp-content\/uploads\/2021\/06\/Bois-1-720x468.png 720w, https:\/\/rosati.fr\/wp-content\/uploads\/2021\/06\/Bois-1.png 1180w\" sizes=\"(max-width: 1024px) 100vw, 1024px\" \/>\t\t\t\t\t\t\t\t\t\t\t<figcaption class=\"widget-image-caption wp-caption-text\">Bois<\/figcaption>\n\t\t\t\t\t\t\t\t\t\t<\/figure>\n\t\t\t\t\t\t\t\t\t<\/div>\n\t\t\t\t<\/div>\n\t\t\t\t\t<\/div>\n\t\t<\/div>\n\t\t\t\t<div class=\"elementor-column elementor-col-25 elementor-top-column elementor-element elementor-element-c7b73ff\" data-id=\"c7b73ff\" data-element_type=\"column\" data-e-type=\"column\">\n\t\t\t<div class=\"elementor-widget-wrap elementor-element-populated\">\n\t\t\t\t\t\t<div class=\"elementor-element elementor-element-c71a278 elementor-widget elementor-widget-image\" data-id=\"c71a278\" data-element_type=\"widget\" data-e-type=\"widget\" data-widget_type=\"image.default\">\n\t\t\t\t<div class=\"elementor-widget-container\">\n\t\t\t\t\t\t\t\t\t\t\t\t<figure class=\"wp-caption\">\n\t\t\t\t\t\t\t\t\t\t<img decoding=\"async\" width=\"1024\" height=\"666\" src=\"https:\/\/rosati.fr\/wp-content\/uploads\/2021\/06\/Sol-Plast-1024x666.png\" class=\"attachment-large size-large wp-image-523\" alt=\"\" srcset=\"https:\/\/rosati.fr\/wp-content\/uploads\/2021\/06\/Sol-Plast-1024x666.png 1024w, https:\/\/rosati.fr\/wp-content\/uploads\/2021\/06\/Sol-Plast-300x195.png 300w, https:\/\/rosati.fr\/wp-content\/uploads\/2021\/06\/Sol-Plast-768x500.png 768w, https:\/\/rosati.fr\/wp-content\/uploads\/2021\/06\/Sol-Plast-720x469.png 720w, https:\/\/rosati.fr\/wp-content\/uploads\/2021\/06\/Sol-Plast.png 1180w\" sizes=\"(max-width: 1024px) 100vw, 1024px\" \/>\t\t\t\t\t\t\t\t\t\t\t<figcaption class=\"widget-image-caption wp-caption-text\">Plastique<\/figcaption>\n\t\t\t\t\t\t\t\t\t\t<\/figure>\n\t\t\t\t\t\t\t\t\t<\/div>\n\t\t\t\t<\/div>\n\t\t\t\t\t<\/div>\n\t\t<\/div>\n\t\t\t\t<div class=\"elementor-column elementor-col-25 elementor-top-column elementor-element elementor-element-aecca1b\" data-id=\"aecca1b\" data-element_type=\"column\" data-e-type=\"column\">\n\t\t\t<div class=\"elementor-widget-wrap elementor-element-populated\">\n\t\t\t\t\t\t<div class=\"elementor-element elementor-element-8acf7d2 elementor-widget elementor-widget-image\" data-id=\"8acf7d2\" data-element_type=\"widget\" data-e-type=\"widget\" data-widget_type=\"image.default\">\n\t\t\t\t<div class=\"elementor-widget-container\">\n\t\t\t\t\t\t\t\t\t\t\t\t<figure class=\"wp-caption\">\n\t\t\t\t\t\t\t\t\t\t<img loading=\"lazy\" decoding=\"async\" width=\"1024\" height=\"666\" src=\"https:\/\/rosati.fr\/wp-content\/uploads\/2021\/06\/Moquette-1-1024x666.png\" class=\"attachment-large size-large wp-image-524\" alt=\"\" srcset=\"https:\/\/rosati.fr\/wp-content\/uploads\/2021\/06\/Moquette-1-1024x666.png 1024w, https:\/\/rosati.fr\/wp-content\/uploads\/2021\/06\/Moquette-1-300x195.png 300w, https:\/\/rosati.fr\/wp-content\/uploads\/2021\/06\/Moquette-1-768x500.png 768w, https:\/\/rosati.fr\/wp-content\/uploads\/2021\/06\/Moquette-1-720x469.png 720w, https:\/\/rosati.fr\/wp-content\/uploads\/2021\/06\/Moquette-1.png 1180w\" sizes=\"(max-width: 1024px) 100vw, 1024px\" \/>\t\t\t\t\t\t\t\t\t\t\t<figcaption class=\"widget-image-caption wp-caption-text\">Moquette<\/figcaption>\n\t\t\t\t\t\t\t\t\t\t<\/figure>\n\t\t\t\t\t\t\t\t\t<\/div>\n\t\t\t\t<\/div>\n\t\t\t\t\t<\/div>\n\t\t<\/div>\n\t\t\t\t<div class=\"elementor-column elementor-col-25 elementor-top-column elementor-element elementor-element-de049b6\" data-id=\"de049b6\" data-element_type=\"column\" data-e-type=\"column\">\n\t\t\t<div class=\"elementor-widget-wrap elementor-element-populated\">\n\t\t\t\t\t\t<div class=\"elementor-element elementor-element-f9b1616 elementor-widget elementor-widget-image\" data-id=\"f9b1616\" data-element_type=\"widget\" data-e-type=\"widget\" data-widget_type=\"image.default\">\n\t\t\t\t<div class=\"elementor-widget-container\">\n\t\t\t\t\t\t\t\t\t\t\t\t<figure class=\"wp-caption\">\n\t\t\t\t\t\t\t\t\t\t<img loading=\"lazy\" decoding=\"async\" width=\"1024\" height=\"666\" src=\"https:\/\/rosati.fr\/wp-content\/uploads\/2021\/06\/Stratifie-1024x666.png\" class=\"attachment-large size-large wp-image-525\" alt=\"\" srcset=\"https:\/\/rosati.fr\/wp-content\/uploads\/2021\/06\/Stratifie-1024x666.png 1024w, https:\/\/rosati.fr\/wp-content\/uploads\/2021\/06\/Stratifie-300x195.png 300w, https:\/\/rosati.fr\/wp-content\/uploads\/2021\/06\/Stratifie-768x500.png 768w, https:\/\/rosati.fr\/wp-content\/uploads\/2021\/06\/Stratifie-720x469.png 720w, https:\/\/rosati.fr\/wp-content\/uploads\/2021\/06\/Stratifie.png 1180w\" sizes=\"(max-width: 1024px) 100vw, 1024px\" \/>\t\t\t\t\t\t\t\t\t\t\t<figcaption class=\"widget-image-caption wp-caption-text\">Stratifi\u00e9s<\/figcaption>\n\t\t\t\t\t\t\t\t\t\t<\/figure>\n\t\t\t\t\t\t\t\t\t<\/div>\n\t\t\t\t<\/div>\n\t\t\t\t\t<\/div>\n\t\t<\/div>\n\t\t\t\t\t<\/div>\n\t\t<\/section>\n\t\t\t\t<section class=\"elementor-section elementor-top-section elementor-element elementor-element-06f5417 elementor-section-boxed elementor-section-height-default elementor-section-height-default\" data-id=\"06f5417\" data-element_type=\"section\" data-e-type=\"section\">\n\t\t\t\t\t\t<div class=\"elementor-container elementor-column-gap-default\">\n\t\t\t\t\t<div class=\"elementor-column elementor-col-100 elementor-top-column elementor-element elementor-element-68f96ba\" data-id=\"68f96ba\" data-element_type=\"column\" data-e-type=\"column\">\n\t\t\t<div class=\"elementor-widget-wrap elementor-element-populated\">\n\t\t\t\t\t\t<div class=\"elementor-element elementor-element-e5dbeb1 elementor-widget elementor-widget-text-editor\" data-id=\"e5dbeb1\" data-element_type=\"widget\" data-e-type=\"widget\" data-widget_type=\"text-editor.default\">\n\t\t\t\t<div class=\"elementor-widget-container\">\n\t\t\t\t\t\t\t\t\t<p style=\"text-align: center;\">Envie de changement ou de nouveaux projets, nous installons pour vous le type de rev\u00eatement de votre choix.<\/p>\t\t\t\t\t\t\t\t<\/div>\n\t\t\t\t<\/div>\n\t\t\t\t\t<\/div>\n\t\t<\/div>\n\t\t\t\t\t<\/div>\n\t\t<\/section>\n\t\t\t\t<section class=\"elementor-section elementor-top-section elementor-element elementor-element-1344b73 elementor-section-boxed elementor-section-height-default elementor-section-height-default\" data-id=\"1344b73\" data-element_type=\"section\" data-e-type=\"section\">\n\t\t\t\t\t\t<div class=\"elementor-container elementor-column-gap-default\">\n\t\t\t\t\t<div class=\"elementor-column elementor-col-100 elementor-top-column elementor-element elementor-element-cb17ee7\" data-id=\"cb17ee7\" data-element_type=\"column\" data-e-type=\"column\">\n\t\t\t<div class=\"elementor-widget-wrap elementor-element-populated\">\n\t\t\t\t\t\t<div class=\"elementor-element elementor-element-1a58678 elementor-arrows-position-inside elementor-pagination-position-outside elementor-widget elementor-widget-image-carousel\" data-id=\"1a58678\" data-element_type=\"widget\" data-e-type=\"widget\" data-settings=\"{&quot;slides_to_show&quot;:&quot;1&quot;,&quot;navigation&quot;:&quot;both&quot;,&quot;autoplay&quot;:&quot;yes&quot;,&quot;pause_on_hover&quot;:&quot;yes&quot;,&quot;pause_on_interaction&quot;:&quot;yes&quot;,&quot;autoplay_speed&quot;:5000,&quot;infinite&quot;:&quot;yes&quot;,&quot;effect&quot;:&quot;slide&quot;,&quot;speed&quot;:500}\" data-widget_type=\"image-carousel.default\">\n\t\t\t\t<div class=\"elementor-widget-container\">\n\t\t\t\t\t\t\t<div class=\"elementor-image-carousel-wrapper swiper\" role=\"region\" aria-roledescription=\"carousel\" aria-label=\"Carrousel d\u2019images\" dir=\"ltr\">\n\t\t\t<div class=\"elementor-image-carousel swiper-wrapper\" aria-live=\"off\">\n\t\t\t\t\t\t\t\t<div class=\"swiper-slide\" role=\"group\" aria-roledescription=\"slide\" aria-label=\"1 sur 3\"><figure class=\"swiper-slide-inner\"><img decoding=\"async\" class=\"swiper-slide-image\" src=\"https:\/\/rosati.fr\/wp-content\/uploads\/2021\/06\/DSC05085-768x576.jpg\" alt=\"AVANT Remplacement du Carrelage par un rev\u00eatement plastique\" \/><figcaption class=\"elementor-image-carousel-caption\">AVANT Remplacement du Carrelage par un rev\u00eatement plastique<\/figcaption><\/figure><\/div><div class=\"swiper-slide\" role=\"group\" aria-roledescription=\"slide\" aria-label=\"2 sur 3\"><figure class=\"swiper-slide-inner\"><img decoding=\"async\" class=\"swiper-slide-image\" src=\"https:\/\/rosati.fr\/wp-content\/uploads\/2021\/06\/DSC05145-768x576.jpg\" alt=\"APRES Remplacement du Carrelage par un rev\u00eatement plastique\" \/><figcaption class=\"elementor-image-carousel-caption\">APRES Remplacement du Carrelage par un rev\u00eatement plastique<\/figcaption><\/figure><\/div><div class=\"swiper-slide\" role=\"group\" aria-roledescription=\"slide\" aria-label=\"3 sur 3\"><figure class=\"swiper-slide-inner\"><img decoding=\"async\" class=\"swiper-slide-image\" src=\"https:\/\/rosati.fr\/wp-content\/uploads\/2021\/06\/Mme-Chantal-136-768x576.jpg\" alt=\"Pose de Parquet\" \/><figcaption class=\"elementor-image-carousel-caption\">Pose de Parquet<\/figcaption><\/figure><\/div>\t\t\t<\/div>\n\t\t\t\t\t\t\t\t\t\t\t\t<div class=\"elementor-swiper-button elementor-swiper-button-prev\" role=\"button\" tabindex=\"0\">\n\t\t\t\t\t\t<i aria-hidden=\"true\" class=\"eicon-chevron-left\"><\/i>\t\t\t\t\t<\/div>\n\t\t\t\t\t<div class=\"elementor-swiper-button elementor-swiper-button-next\" role=\"button\" tabindex=\"0\">\n\t\t\t\t\t\t<i aria-hidden=\"true\" class=\"eicon-chevron-right\"><\/i>\t\t\t\t\t<\/div>\n\t\t\t\t\n\t\t\t\t\t\t\t\t\t<div class=\"swiper-pagination\"><\/div>\n\t\t\t\t\t\t\t\t\t<\/div>\n\t\t\t\t\t\t<\/div>\n\t\t\t\t<\/div>\n\t\t\t\t\t<\/div>\n\t\t<\/div>\n\t\t\t\t\t<\/div>\n\t\t<\/section>\n\t\t\t\t<\/div>\n\t\t","protected":false},"excerpt":{"rendered":"<p>Sols Bois Plastique Moquette Stratifi\u00e9s Envie de changement ou de nouveaux projets, nous installons pour vous le type de rev\u00eatement [&hellip;]<\/p>\n","protected":false},"author":1,"featured_media":0,"parent":0,"menu_order":0,"comment_status":"closed","ping_status":"closed","template":"page-templates\/template_page-builder.php","meta":{"footnotes":""},"class_list":["post-520","page","type-page","status-publish","hentry"],"yoast_head":"<!-- This site is optimized with the Yoast SEO plugin v27.5 - https:\/\/yoast.com\/product\/yoast-seo-wordpress\/ -->\n<title>Sols - SARL Rosati<\/title>\n<meta name=\"description\" content=\"Depuis 20 ans, nous r\u00e9alisons tous vos travaux de r\u00e9novation int\u00e9rieure selon vos besoins en pl\u00e2trerie, pose de cloisons, isolation, peinture d\u00e9corative et rev\u00eatements de sols plastiques ou parquets.\" \/>\n<meta name=\"robots\" content=\"index, follow, max-snippet:-1, max-image-preview:large, max-video-preview:-1\" \/>\n<link rel=\"canonical\" href=\"https:\/\/rosati.fr\/?page_id=520\" \/>\n<meta property=\"og:locale\" content=\"fr_FR\" \/>\n<meta property=\"og:type\" content=\"article\" \/>\n<meta property=\"og:title\" content=\"Sols - SARL Rosati\" \/>\n<meta property=\"og:description\" content=\"Depuis 20 ans, nous r\u00e9alisons tous vos travaux de r\u00e9novation int\u00e9rieure selon vos besoins en pl\u00e2trerie, pose de cloisons, isolation, peinture d\u00e9corative et rev\u00eatements de sols plastiques ou parquets.\" \/>\n<meta property=\"og:url\" content=\"https:\/\/rosati.fr\/?page_id=520\" \/>\n<meta property=\"og:site_name\" content=\"SARL Rosati\" \/>\n<meta property=\"article:modified_time\" content=\"2021-07-19T07:51:53+00:00\" \/>\n<meta property=\"og:image\" content=\"https:\/\/rosati.fr\/wp-content\/uploads\/2021\/06\/Sol-1024x662.jpg\" \/>\n<meta name=\"twitter:card\" content=\"summary_large_image\" \/>\n<meta name=\"twitter:label1\" content=\"Dur\u00e9e de lecture estim\u00e9e\" \/>\n\t<meta name=\"twitter:data1\" content=\"2 minutes\" \/>\n<script type=\"application\/ld+json\" class=\"yoast-schema-graph\">{\"@context\":\"https:\\\/\\\/schema.org\",\"@graph\":[{\"@type\":\"WebPage\",\"@id\":\"https:\\\/\\\/rosati.fr\\\/?page_id=520\",\"url\":\"https:\\\/\\\/rosati.fr\\\/?page_id=520\",\"name\":\"Sols - SARL Rosati\",\"isPartOf\":{\"@id\":\"https:\\\/\\\/rosati.fr\\\/#website\"},\"primaryImageOfPage\":{\"@id\":\"https:\\\/\\\/rosati.fr\\\/?page_id=520#primaryimage\"},\"image\":{\"@id\":\"https:\\\/\\\/rosati.fr\\\/?page_id=520#primaryimage\"},\"thumbnailUrl\":\"https:\\\/\\\/rosati.fr\\\/wp-content\\\/uploads\\\/2021\\\/06\\\/Sol-1024x662.jpg\",\"datePublished\":\"2021-06-30T09:05:11+00:00\",\"dateModified\":\"2021-07-19T07:51:53+00:00\",\"description\":\"Depuis 20 ans, nous r\u00e9alisons tous vos travaux de r\u00e9novation int\u00e9rieure selon vos besoins en pl\u00e2trerie, pose de cloisons, isolation, peinture d\u00e9corative et rev\u00eatements de sols plastiques ou parquets.\",\"breadcrumb\":{\"@id\":\"https:\\\/\\\/rosati.fr\\\/?page_id=520#breadcrumb\"},\"inLanguage\":\"fr-FR\",\"potentialAction\":[{\"@type\":\"ReadAction\",\"target\":[\"https:\\\/\\\/rosati.fr\\\/?page_id=520\"]}]},{\"@type\":\"ImageObject\",\"inLanguage\":\"fr-FR\",\"@id\":\"https:\\\/\\\/rosati.fr\\\/?page_id=520#primaryimage\",\"url\":\"https:\\\/\\\/rosati.fr\\\/wp-content\\\/uploads\\\/2021\\\/06\\\/Sol-1024x662.jpg\",\"contentUrl\":\"https:\\\/\\\/rosati.fr\\\/wp-content\\\/uploads\\\/2021\\\/06\\\/Sol-1024x662.jpg\"},{\"@type\":\"BreadcrumbList\",\"@id\":\"https:\\\/\\\/rosati.fr\\\/?page_id=520#breadcrumb\",\"itemListElement\":[{\"@type\":\"ListItem\",\"position\":1,\"name\":\"Accueil\",\"item\":\"https:\\\/\\\/rosati.fr\\\/\"},{\"@type\":\"ListItem\",\"position\":2,\"name\":\"Sols\"}]},{\"@type\":\"WebSite\",\"@id\":\"https:\\\/\\\/rosati.fr\\\/#website\",\"url\":\"https:\\\/\\\/rosati.fr\\\/\",\"name\":\"SARL Rosati\",\"description\":\"\",\"publisher\":{\"@id\":\"https:\\\/\\\/rosati.fr\\\/#organization\"},\"potentialAction\":[{\"@type\":\"SearchAction\",\"target\":{\"@type\":\"EntryPoint\",\"urlTemplate\":\"https:\\\/\\\/rosati.fr\\\/?s={search_term_string}\"},\"query-input\":{\"@type\":\"PropertyValueSpecification\",\"valueRequired\":true,\"valueName\":\"search_term_string\"}}],\"inLanguage\":\"fr-FR\"},{\"@type\":\"Organization\",\"@id\":\"https:\\\/\\\/rosati.fr\\\/#organization\",\"name\":\"SARL Rosati\",\"url\":\"https:\\\/\\\/rosati.fr\\\/\",\"logo\":{\"@type\":\"ImageObject\",\"inLanguage\":\"fr-FR\",\"@id\":\"https:\\\/\\\/rosati.fr\\\/#\\\/schema\\\/logo\\\/image\\\/\",\"url\":\"http:\\\/\\\/rosati.fr\\\/wp-content\\\/uploads\\\/2021\\\/06\\\/Logo-1.png\",\"contentUrl\":\"http:\\\/\\\/rosati.fr\\\/wp-content\\\/uploads\\\/2021\\\/06\\\/Logo-1.png\",\"width\":369,\"height\":111,\"caption\":\"SARL Rosati\"},\"image\":{\"@id\":\"https:\\\/\\\/rosati.fr\\\/#\\\/schema\\\/logo\\\/image\\\/\"}}]}<\/script>\n<!-- \/ Yoast SEO plugin. -->","yoast_head_json":{"title":"Sols - SARL Rosati","description":"Depuis 20 ans, nous r\u00e9alisons tous vos travaux de r\u00e9novation int\u00e9rieure selon vos besoins en pl\u00e2trerie, pose de cloisons, isolation, peinture d\u00e9corative et rev\u00eatements de sols plastiques ou parquets.","robots":{"index":"index","follow":"follow","max-snippet":"max-snippet:-1","max-image-preview":"max-image-preview:large","max-video-preview":"max-video-preview:-1"},"canonical":"https:\/\/rosati.fr\/?page_id=520","og_locale":"fr_FR","og_type":"article","og_title":"Sols - SARL Rosati","og_description":"Depuis 20 ans, nous r\u00e9alisons tous vos travaux de r\u00e9novation int\u00e9rieure selon vos besoins en pl\u00e2trerie, pose de cloisons, isolation, peinture d\u00e9corative et rev\u00eatements de sols plastiques ou parquets.","og_url":"https:\/\/rosati.fr\/?page_id=520","og_site_name":"SARL Rosati","article_modified_time":"2021-07-19T07:51:53+00:00","og_image":[{"url":"https:\/\/rosati.fr\/wp-content\/uploads\/2021\/06\/Sol-1024x662.jpg","type":"","width":"","height":""}],"twitter_card":"summary_large_image","twitter_misc":{"Dur\u00e9e de lecture estim\u00e9e":"2 minutes"},"schema":{"@context":"https:\/\/schema.org","@graph":[{"@type":"WebPage","@id":"https:\/\/rosati.fr\/?page_id=520","url":"https:\/\/rosati.fr\/?page_id=520","name":"Sols - SARL Rosati","isPartOf":{"@id":"https:\/\/rosati.fr\/#website"},"primaryImageOfPage":{"@id":"https:\/\/rosati.fr\/?page_id=520#primaryimage"},"image":{"@id":"https:\/\/rosati.fr\/?page_id=520#primaryimage"},"thumbnailUrl":"https:\/\/rosati.fr\/wp-content\/uploads\/2021\/06\/Sol-1024x662.jpg","datePublished":"2021-06-30T09:05:11+00:00","dateModified":"2021-07-19T07:51:53+00:00","description":"Depuis 20 ans, nous r\u00e9alisons tous vos travaux de r\u00e9novation int\u00e9rieure selon vos besoins en pl\u00e2trerie, pose de cloisons, isolation, peinture d\u00e9corative et rev\u00eatements de sols plastiques ou parquets.","breadcrumb":{"@id":"https:\/\/rosati.fr\/?page_id=520#breadcrumb"},"inLanguage":"fr-FR","potentialAction":[{"@type":"ReadAction","target":["https:\/\/rosati.fr\/?page_id=520"]}]},{"@type":"ImageObject","inLanguage":"fr-FR","@id":"https:\/\/rosati.fr\/?page_id=520#primaryimage","url":"https:\/\/rosati.fr\/wp-content\/uploads\/2021\/06\/Sol-1024x662.jpg","contentUrl":"https:\/\/rosati.fr\/wp-content\/uploads\/2021\/06\/Sol-1024x662.jpg"},{"@type":"BreadcrumbList","@id":"https:\/\/rosati.fr\/?page_id=520#breadcrumb","itemListElement":[{"@type":"ListItem","position":1,"name":"Accueil","item":"https:\/\/rosati.fr\/"},{"@type":"ListItem","position":2,"name":"Sols"}]},{"@type":"WebSite","@id":"https:\/\/rosati.fr\/#website","url":"https:\/\/rosati.fr\/","name":"SARL Rosati","description":"","publisher":{"@id":"https:\/\/rosati.fr\/#organization"},"potentialAction":[{"@type":"SearchAction","target":{"@type":"EntryPoint","urlTemplate":"https:\/\/rosati.fr\/?s={search_term_string}"},"query-input":{"@type":"PropertyValueSpecification","valueRequired":true,"valueName":"search_term_string"}}],"inLanguage":"fr-FR"},{"@type":"Organization","@id":"https:\/\/rosati.fr\/#organization","name":"SARL Rosati","url":"https:\/\/rosati.fr\/","logo":{"@type":"ImageObject","inLanguage":"fr-FR","@id":"https:\/\/rosati.fr\/#\/schema\/logo\/image\/","url":"http:\/\/rosati.fr\/wp-content\/uploads\/2021\/06\/Logo-1.png","contentUrl":"http:\/\/rosati.fr\/wp-content\/uploads\/2021\/06\/Logo-1.png","width":369,"height":111,"caption":"SARL Rosati"},"image":{"@id":"https:\/\/rosati.fr\/#\/schema\/logo\/image\/"}}]}},"_links":{"self":[{"href":"https:\/\/rosati.fr\/index.php?rest_route=\/wp\/v2\/pages\/520","targetHints":{"allow":["GET"]}}],"collection":[{"href":"https:\/\/rosati.fr\/index.php?rest_route=\/wp\/v2\/pages"}],"about":[{"href":"https:\/\/rosati.fr\/index.php?rest_route=\/wp\/v2\/types\/page"}],"author":[{"embeddable":true,"href":"https:\/\/rosati.fr\/index.php?rest_route=\/wp\/v2\/users\/1"}],"replies":[{"embeddable":true,"href":"https:\/\/rosati.fr\/index.php?rest_route=%2Fwp%2Fv2%2Fcomments&post=520"}],"version-history":[{"count":17,"href":"https:\/\/rosati.fr\/index.php?rest_route=\/wp\/v2\/pages\/520\/revisions"}],"predecessor-version":[{"id":867,"href":"https:\/\/rosati.fr\/index.php?rest_route=\/wp\/v2\/pages\/520\/revisions\/867"}],"wp:attachment":[{"href":"https:\/\/rosati.fr\/index.php?rest_route=%2Fwp%2Fv2%2Fmedia&parent=520"}],"curies":[{"name":"wp","href":"https:\/\/api.w.org\/{rel}","templated":true}]}}